{"id":110,"date":"2022-07-12T16:40:24","date_gmt":"2022-07-12T14:40:24","guid":{"rendered":"http:\/\/natation-domicile.com\/?page_id=110"},"modified":"2025-04-17T15:32:25","modified_gmt":"2025-04-17T13:32:25","slug":"accueil","status":"publish","type":"page","link":"https:\/\/natation-domicile.com\/","title":{"rendered":"Accueil"},"content":{"rendered":"\n<div class=\"wp-block-group alignfull is-layout-flow wp-block-group-is-layout-flow\">\n<div class=\"wp-block-columns are-vertically-aligned-center is-layout-flex wp-container-core-columns-is-layout-28f84493 wp-block-columns-is-layout-flex\">\n<div class=\"wp-block-column is-vertically-aligned-center is-layout-flow wp-block-column-is-layout-flow\">\n<div style=\"height:48px\" aria-hidden=\"true\" class=\"wp-block-spacer\"><\/div>\n\n\n\n<figure class=\"wp-block-gallery has-nested-images columns-default is-cropped wp-block-gallery-1 is-layout-flex wp-block-gallery-is-layout-flex\">\n<figure class=\"wp-block-image size-full is-style-default\"><img fetchpriority=\"high\" decoding=\"async\" width=\"1920\" height=\"2560\" data-id=\"126\" src=\"https:\/\/natation-domicile.com\/wp-content\/uploads\/2022\/07\/cropped-IMG-20220602-WA0012-scaled.jpg\" alt=\"\" class=\"wp-image-126\" srcset=\"https:\/\/natation-domicile.com\/wp-content\/uploads\/2022\/07\/cropped-IMG-20220602-WA0012-scaled.jpg 1920w, https:\/\/natation-domicile.com\/wp-content\/uploads\/2022\/07\/cropped-IMG-20220602-WA0012-225x300.jpg 225w, https:\/\/natation-domicile.com\/wp-content\/uploads\/2022\/07\/cropped-IMG-20220602-WA0012-768x1024.jpg 768w, https:\/\/natation-domicile.com\/wp-content\/uploads\/2022\/07\/cropped-IMG-20220602-WA0012-1152x1536.jpg 1152w, https:\/\/natation-domicile.com\/wp-content\/uploads\/2022\/07\/cropped-IMG-20220602-WA0012-1536x2048.jpg 1536w, https:\/\/natation-domicile.com\/wp-content\/uploads\/2022\/07\/cropped-IMG-20220602-WA0012-370x493.jpg 370w, https:\/\/natation-domicile.com\/wp-content\/uploads\/2022\/07\/cropped-IMG-20220602-WA0012-770x1027.jpg 770w\" sizes=\"(max-width: 1920px) 100vw, 1920px\" \/><\/figure>\n<\/figure>\n<\/div>\n\n\n\n<div class=\"wp-block-column is-vertically-aligned-center is-layout-flow wp-block-column-is-layout-flow\">\n<h2 class=\"wp-block-heading\">Nos services<\/h2>\n\n\n\n<p class=\"has-text-align-left\">Nous venons \u00e0 votre rencontre avec notre mat\u00e9riel et m\u00e9thode p\u00e9dagogique pour vous enseigner la natation.<br>Nous vous proposons des le\u00e7ons \u00e0 partir de 3 ans!<\/p>\n\n\n\n<p class=\"has-text-align-left\"><strong>Anti noyade,<br>Apprentissage,<br>Perfectionnement&#8230;<br>Il y en a pour tous les niveaux!<\/strong><\/p>\n\n\n\n<p>Nous nous d\u00e9pla\u00e7ons sur le secteur Sud Landes (environ de Tarnos \u00e0 Seignosse).<\/p>\n\n\n\n<p>Contactez nous pour que nous puissions \u00e9tablir le programme le plus adapt\u00e9 \u00e0 vos besoins!<\/p>\n\n\n\n<div class=\"wp-block-buttons is-layout-flex wp-block-buttons-is-layout-flex\"><\/div>\n<\/div>\n<\/div>\n<\/div>\n\n\n\n<div class=\"wp-block-group alignfull is-layout-flow wp-block-group-is-layout-flow\">\n<div class=\"wp-block-columns are-vertically-aligned-center is-layout-flex wp-container-core-columns-is-layout-28f84493 wp-block-columns-is-layout-flex\">\n<div class=\"wp-block-column is-vertically-aligned-center is-layout-flow wp-block-column-is-layout-flow\">\n<div style=\"height:48px\" aria-hidden=\"true\" class=\"wp-block-spacer\"><\/div>\n\n\n\n<figure class=\"wp-block-gallery has-nested-images columns-default is-cropped wp-block-gallery-2 is-layout-flex wp-block-gallery-is-layout-flex\">\n<figure class=\"wp-block-image size-large is-style-default\"><img decoding=\"async\" width=\"1024\" height=\"580\" data-id=\"201\" src=\"https:\/\/natation-domicile.com\/wp-content\/uploads\/2022\/08\/cropped-sudouest-Photo-1-31806630-scaled-1-1024x580.jpg\" alt=\"\" class=\"wp-image-201\" srcset=\"https:\/\/natation-domicile.com\/wp-content\/uploads\/2022\/08\/cropped-sudouest-Photo-1-31806630-scaled-1-1024x580.jpg 1024w, https:\/\/natation-domicile.com\/wp-content\/uploads\/2022\/08\/cropped-sudouest-Photo-1-31806630-scaled-1-300x170.jpg 300w, https:\/\/natation-domicile.com\/wp-content\/uploads\/2022\/08\/cropped-sudouest-Photo-1-31806630-scaled-1-768x435.jpg 768w, https:\/\/natation-domicile.com\/wp-content\/uploads\/2022\/08\/cropped-sudouest-Photo-1-31806630-scaled-1-1536x870.jpg 1536w, https:\/\/natation-domicile.com\/wp-content\/uploads\/2022\/08\/cropped-sudouest-Photo-1-31806630-scaled-1-600x340.jpg 600w, https:\/\/natation-domicile.com\/wp-content\/uploads\/2022\/08\/cropped-sudouest-Photo-1-31806630-scaled-1-270x152.jpg 270w, https:\/\/natation-domicile.com\/wp-content\/uploads\/2022\/08\/cropped-sudouest-Photo-1-31806630-scaled-1-770x436.jpg 770w, https:\/\/natation-domicile.com\/wp-content\/uploads\/2022\/08\/cropped-sudouest-Photo-1-31806630-scaled-1-370x210.jpg 370w, https:\/\/natation-domicile.com\/wp-content\/uploads\/2022\/08\/cropped-sudouest-Photo-1-31806630-scaled-1.jpg 2000w\" sizes=\"(max-width: 1024px) 100vw, 1024px\" \/><\/figure>\n<\/figure>\n<\/div>\n\n\n\n<div class=\"wp-block-column is-vertically-aligned-center is-layout-flow wp-block-column-is-layout-flow\">\n<h2 class=\"wp-block-heading\">Nos tarifs <\/h2>\n\n\n\n<p class=\"has-text-align-left\">Nous vous proposons des tarifs <strong>personnalis\u00e9s<\/strong> en fonction du nombre de participants, du niveau et de la localisation de la piscine.<br><br>Contactez nous pour un devis d\u00e9taill\u00e9 gratuit!<\/p>\n\n\n\n<div class=\"wp-block-buttons is-layout-flex wp-block-buttons-is-layout-flex\"><\/div>\n<\/div>\n<\/div>\n<\/div>\n\n\n\n<div class=\"wp-block-group alignfull has-background is-layout-flow wp-block-group-is-layout-flow\" style=\"background-color:#e5e9ec\">\n<div class=\"wp-block-columns is-layout-flex wp-container-core-columns-is-layout-28f84493 wp-block-columns-is-layout-flex\">\n<div class=\"wp-block-column is-vertically-aligned-center is-layout-flow wp-block-column-is-layout-flow\">\n<h2 class=\"wp-block-heading\">Qui sommes-nous ? <\/h2>\n\n\n\n<p>Nous sommes une \u00e9quipe de 3 Maitre Nageur forts d&rsquo;une exp\u00e9rience de plus de 15 ann\u00e9es cumul\u00e9es dans l&rsquo;apprentissage de la natation et les aquasports.<br><br>Tous les trois anciens chefs de poste de surveillance sur les plages Landaises, nous avons mis au point une m\u00e9thode p\u00e9dagogique qui se veut ludique pour apprendre en s&rsquo;amusant!<\/p>\n\n\n\n<p><\/p>\n<\/div>\n\n\n\n<div class=\"wp-block-column is-layout-flow wp-block-column-is-layout-flow\">\n<div style=\"height:48px\" aria-hidden=\"true\" class=\"wp-block-spacer\"><\/div>\n\n\n\n<figure class=\"wp-block-image size-large is-resized\"><img decoding=\"async\" width=\"1024\" height=\"683\" src=\"https:\/\/natation-domicile.com\/wp-content\/uploads\/2022\/08\/sudouest-Photo-1-31806636-1024x683.jpg\" alt=\"\" class=\"wp-image-189\" style=\"width:404px;height:269px\" srcset=\"https:\/\/natation-domicile.com\/wp-content\/uploads\/2022\/08\/sudouest-Photo-1-31806636-1024x683.jpg 1024w, https:\/\/natation-domicile.com\/wp-content\/uploads\/2022\/08\/sudouest-Photo-1-31806636-300x200.jpg 300w, https:\/\/natation-domicile.com\/wp-content\/uploads\/2022\/08\/sudouest-Photo-1-31806636-768x512.jpg 768w, https:\/\/natation-domicile.com\/wp-content\/uploads\/2022\/08\/sudouest-Photo-1-31806636-1536x1024.jpg 1536w, https:\/\/natation-domicile.com\/wp-content\/uploads\/2022\/08\/sudouest-Photo-1-31806636-2048x1366.jpg 2048w, https:\/\/natation-domicile.com\/wp-content\/uploads\/2022\/08\/sudouest-Photo-1-31806636-2000x1334.jpg 2000w, https:\/\/natation-domicile.com\/wp-content\/uploads\/2022\/08\/sudouest-Photo-1-31806636-600x400.jpg 600w, https:\/\/natation-domicile.com\/wp-content\/uploads\/2022\/08\/sudouest-Photo-1-31806636-770x513.jpg 770w, https:\/\/natation-domicile.com\/wp-content\/uploads\/2022\/08\/sudouest-Photo-1-31806636-370x247.jpg 370w\" sizes=\"(max-width: 1024px) 100vw, 1024px\" \/><figcaption class=\"wp-element-caption\">Saint-Martin-de-Seignanx le 15 aout 2022. photo Laurent Theillet \/ Sud Ouest. Cours de natation \u00e0 domicile.<\/figcaption><\/figure>\n<\/div>\n<\/div>\n<\/div>\n\n\n","protected":false},"excerpt":{"rendered":"<p>Nos services Nous venons \u00e0 votre rencontre avec notre mat\u00e9riel et m\u00e9thode p\u00e9dagogique pour vous enseigner la natation.Nous vous proposons des le\u00e7ons \u00e0 partir de 3 ans! Anti noyade,Apprentissage,Perfectionnement&#8230;Il y en a pour tous les niveaux! Nous nous d\u00e9pla\u00e7ons sur le secteur Sud Landes (environ de Tarnos \u00e0 Seignosse). Contactez nous pour que nous puissions &hellip; <\/p>\n<p class=\"link-more\"><a href=\"https:\/\/natation-domicile.com\/\" class=\"more-link\">Lire la suite de<span class=\"screen-reader-text\">\u00ab\u00a0Accueil\u00a0\u00bb<\/span><\/a><\/p>\n","protected":false},"author":1,"featured_media":109,"parent":0,"menu_order":0,"comment_status":"closed","ping_status":"closed","template":"","meta":{"inspiro_hide_title":false,"footnotes":""},"class_list":["post-110","page","type-page","status-publish","has-post-thumbnail","hentry"],"featured_media_urls":{"thumbnail":["https:\/\/natation-domicile.com\/wp-content\/uploads\/2022\/07\/StockSnap_M6D1GS9PSL-150x150.jpg",150,150,true],"medium":["https:\/\/natation-domicile.com\/wp-content\/uploads\/2022\/07\/StockSnap_M6D1GS9PSL-300x198.jpg",300,198,true],"medium_large":["https:\/\/natation-domicile.com\/wp-content\/uploads\/2022\/07\/StockSnap_M6D1GS9PSL-768x506.jpg",768,506,true],"large":["https:\/\/natation-domicile.com\/wp-content\/uploads\/2022\/07\/StockSnap_M6D1GS9PSL-1024x674.jpg",950,625,true],"1536x1536":["https:\/\/natation-domicile.com\/wp-content\/uploads\/2022\/07\/StockSnap_M6D1GS9PSL-1536x1011.jpg",1536,1011,true],"2048x2048":["https:\/\/natation-domicile.com\/wp-content\/uploads\/2022\/07\/StockSnap_M6D1GS9PSL.jpg",2000,1317,false],"inspiro-featured-image":["https:\/\/natation-domicile.com\/wp-content\/uploads\/2022\/07\/StockSnap_M6D1GS9PSL.jpg",2000,1317,false],"inspiro-loop":["https:\/\/natation-domicile.com\/wp-content\/uploads\/2022\/07\/StockSnap_M6D1GS9PSL-950x320.jpg",950,320,true],"inspiro-loop@2x":["https:\/\/natation-domicile.com\/wp-content\/uploads\/2022\/07\/StockSnap_M6D1GS9PSL-1900x640.jpg",1900,640,true],"portfolio_item-thumbnail":["https:\/\/natation-domicile.com\/wp-content\/uploads\/2022\/07\/StockSnap_M6D1GS9PSL-600x400.jpg",600,400,true],"portfolio_item-masonry":["https:\/\/natation-domicile.com\/wp-content\/uploads\/2022\/07\/StockSnap_M6D1GS9PSL-600x395.jpg",600,395,true],"portfolio_item-thumbnail_cinema":["https:\/\/natation-domicile.com\/wp-content\/uploads\/2022\/07\/StockSnap_M6D1GS9PSL-800x335.jpg",800,335,true],"portfolio_item-thumbnail_portrait":["https:\/\/natation-domicile.com\/wp-content\/uploads\/2022\/07\/StockSnap_M6D1GS9PSL-600x900.jpg",600,900,true],"portfolio_item-thumbnail_square":["https:\/\/natation-domicile.com\/wp-content\/uploads\/2022\/07\/StockSnap_M6D1GS9PSL-800x800.jpg",800,800,true],"trx_addons-thumb-huge":["https:\/\/natation-domicile.com\/wp-content\/uploads\/2022\/07\/StockSnap_M6D1GS9PSL-1170x658.jpg",1170,658,true],"trx_addons-thumb-big":["https:\/\/natation-domicile.com\/wp-content\/uploads\/2022\/07\/StockSnap_M6D1GS9PSL-770x433.jpg",770,433,true],"trx_addons-thumb-medium":["https:\/\/natation-domicile.com\/wp-content\/uploads\/2022\/07\/StockSnap_M6D1GS9PSL-370x208.jpg",370,208,true],"trx_addons-thumb-small":["https:\/\/natation-domicile.com\/wp-content\/uploads\/2022\/07\/StockSnap_M6D1GS9PSL-270x152.jpg",270,152,true],"trx_addons-thumb-portrait":["https:\/\/natation-domicile.com\/wp-content\/uploads\/2022\/07\/StockSnap_M6D1GS9PSL-370x493.jpg",370,493,true],"trx_addons-thumb-avatar":["https:\/\/natation-domicile.com\/wp-content\/uploads\/2022\/07\/StockSnap_M6D1GS9PSL-370x370.jpg",370,370,true],"trx_addons-thumb-tiny":["https:\/\/natation-domicile.com\/wp-content\/uploads\/2022\/07\/StockSnap_M6D1GS9PSL-75x75.jpg",75,75,true],"trx_addons-thumb-masonry-big":["https:\/\/natation-domicile.com\/wp-content\/uploads\/2022\/07\/StockSnap_M6D1GS9PSL-770x507.jpg",770,507,true],"trx_addons-thumb-masonry":["https:\/\/natation-domicile.com\/wp-content\/uploads\/2022\/07\/StockSnap_M6D1GS9PSL-370x244.jpg",370,244,true]},"_links":{"self":[{"href":"https:\/\/natation-domicile.com\/index.php\/wp-json\/wp\/v2\/pages\/110","targetHints":{"allow":["GET"]}}],"collection":[{"href":"https:\/\/natation-domicile.com\/index.php\/wp-json\/wp\/v2\/pages"}],"about":[{"href":"https:\/\/natation-domicile.com\/index.php\/wp-json\/wp\/v2\/types\/page"}],"author":[{"embeddable":true,"href":"https:\/\/natation-domicile.com\/index.php\/wp-json\/wp\/v2\/users\/1"}],"replies":[{"embeddable":true,"href":"https:\/\/natation-domicile.com\/index.php\/wp-json\/wp\/v2\/comments?post=110"}],"version-history":[{"count":24,"href":"https:\/\/natation-domicile.com\/index.php\/wp-json\/wp\/v2\/pages\/110\/revisions"}],"predecessor-version":[{"id":576,"href":"https:\/\/natation-domicile.com\/index.php\/wp-json\/wp\/v2\/pages\/110\/revisions\/576"}],"wp:featuredmedia":[{"embeddable":true,"href":"https:\/\/natation-domicile.com\/index.php\/wp-json\/wp\/v2\/media\/109"}],"wp:attachment":[{"href":"https:\/\/natation-domicile.com\/index.php\/wp-json\/wp\/v2\/media?parent=110"}],"curies":[{"name":"wp","href":"https:\/\/api.w.org\/{rel}","templated":true}]}}