{"id":112,"date":"2022-07-12T16:40:24","date_gmt":"2022-07-12T14:40:24","guid":{"rendered":"http:\/\/natation-domicile.com\/?page_id=112"},"modified":"2023-04-07T10:30:38","modified_gmt":"2023-04-07T08:30:38","slug":"contact","status":"publish","type":"page","link":"https:\/\/natation-domicile.com\/index.php\/contact\/","title":{"rendered":"Nous contacter"},"content":{"rendered":"\n<p>Vous souhaitez r\u00e9server ou avoir des informations pour des le\u00e7ons de natatation \u00e0 domicile ? <br><br>Nous sommes disponibles pour vous r\u00e9pondre au t\u00e9l\u00e9phone tous les jours de 9h \u00e0 20h au <strong>+33 7 66 69 68 55<\/strong><\/p>\n\n\n\n<p>Vous pouvez \u00e9galement nous envoyer une demande sur notre mail d\u00e9di\u00e9 : <strong>info@natation-domicile.com   <\/strong> <\/p>\n\n\n\n<p>ou via ce formulaire et nous vous <strong>recontacterons d\u00e8s que possible<\/strong> :<\/p>\n\n\n\n<div class=\"wp-block-contact-form-7-contact-form-selector\">\n<div class=\"wpcf7 no-js\" id=\"wpcf7-f210-o1\" lang=\"fr-FR\" dir=\"ltr\" data-wpcf7-id=\"210\">\n<div class=\"screen-reader-response\"><p role=\"status\" aria-live=\"polite\" aria-atomic=\"true\"><\/p> <ul><\/ul><\/div>\n<form action=\"\/index.php\/wp-json\/wp\/v2\/pages\/112#wpcf7-f210-o1\" method=\"post\" class=\"wpcf7-form init\" aria-label=\"Formulaire de contact\" novalidate=\"novalidate\" data-status=\"init\">\n<fieldset class=\"hidden-fields-container\"><input type=\"hidden\" name=\"_wpcf7\" value=\"210\" \/><input type=\"hidden\" name=\"_wpcf7_version\" value=\"6.1.5\" \/><input type=\"hidden\" name=\"_wpcf7_locale\" value=\"fr_FR\" \/><input type=\"hidden\" name=\"_wpcf7_unit_tag\" value=\"wpcf7-f210-o1\" \/><input type=\"hidden\" name=\"_wpcf7_container_post\" value=\"0\" \/><input type=\"hidden\" name=\"_wpcf7_posted_data_hash\" value=\"\" \/>\n<\/fieldset>\n<p><B>S\u00e9lectionnez la date de d\u00e9but souhait\u00e9e (obligatoire)<\/b>\n<\/p>\n<p><span class=\"wpcf7-form-control-wrap\" data-name=\"date-836\"><input class=\"wpcf7-form-control wpcf7-date wpcf7-validates-as-date\" aria-invalid=\"false\" value=\"\" type=\"date\" name=\"date-836\" \/><\/span>\n<\/p>\n<p><span class=\"wpcf7-form-control-wrap\" data-name=\"menu-753\"><select class=\"wpcf7-form-control wpcf7-select wpcf7-validates-as-required\" aria-required=\"true\" aria-invalid=\"false\" name=\"menu-753\"><option value=\"Selectionnez le nombre de s\u00e9ances souhait\u00e9es\">Selectionnez le nombre de s\u00e9ances souhait\u00e9es<\/option><option value=\"1\">1<\/option><option value=\"2\">2<\/option><option value=\"3\">3<\/option><option value=\"5\">5<\/option><option value=\"10\">10<\/option><\/select><\/span>\n<\/p>\n<p><label>Nom et Pr\u00e9nom (obligatoire)<br \/>\n<span class=\"wpcf7-form-control-wrap\" data-name=\"your-name\"><input size=\"40\" maxlength=\"400\" class=\"wpcf7-form-control wpcf7-text wpcf7-validates-as-required\" aria-required=\"true\" aria-invalid=\"false\" value=\"\" type=\"text\" name=\"your-name\" \/><\/span> <\/label>\n<\/p>\n<p><label>Nombre de personnes (obligatoire)<br \/>\n<span class=\"wpcf7-form-control-wrap\" data-name=\"your-number\"><input size=\"40\" maxlength=\"400\" class=\"wpcf7-form-control wpcf7-text wpcf7-validates-as-required\" aria-required=\"true\" aria-invalid=\"false\" value=\"\" type=\"text\" name=\"your-number\" \/><\/span><\/label>\n<\/p>\n<p><label>Age(s) (requis, indiquez tous les \u00e2ges si plusieurs personnes)<br \/>\n<span class=\"wpcf7-form-control-wrap\" data-name=\"your-age\"><input size=\"40\" maxlength=\"400\" class=\"wpcf7-form-control wpcf7-text wpcf7-validates-as-required\" aria-required=\"true\" aria-invalid=\"false\" value=\"\" type=\"text\" name=\"your-age\" \/><\/span><\/label>\n<\/p>\n<p><label>Adresse de messagerie (obligatoire)<br \/>\n<span class=\"wpcf7-form-control-wrap\" data-name=\"your-email\"><input size=\"40\" maxlength=\"400\" class=\"wpcf7-form-control wpcf7-email wpcf7-validates-as-required wpcf7-text wpcf7-validates-as-email\" aria-required=\"true\" aria-invalid=\"false\" value=\"\" type=\"email\" name=\"your-email\" \/><\/span> <\/label>\n<\/p>\n<p><label>Num\u00e9ro de t\u00e9l\u00e9phone (obligatoire)<br \/>\n<span class=\"wpcf7-form-control-wrap\" data-name=\"tel-805\"><input size=\"40\" maxlength=\"400\" class=\"wpcf7-form-control wpcf7-tel wpcf7-validates-as-required wpcf7-text wpcf7-validates-as-tel\" aria-required=\"true\" aria-invalid=\"false\" value=\"\" type=\"tel\" name=\"tel-805\" \/><\/span><\/label>\n<\/p>\n<p><label>Lieu de r\u00e9sidence & infos sur la piscine :<br \/>\n<span class=\"wpcf7-form-control-wrap\" data-name=\"your-message\"><textarea cols=\"40\" rows=\"10\" maxlength=\"2000\" class=\"wpcf7-form-control wpcf7-textarea\" aria-invalid=\"false\" name=\"your-message\"><\/textarea><\/span> <\/label>\n<\/p>\n<p><input class=\"wpcf7-form-control wpcf7-submit has-spinner\" type=\"submit\" value=\"Envoyer\" \/>\n<\/p><div class=\"wpcf7-response-output\" aria-hidden=\"true\"><\/div>\n<\/form>\n<\/div>\n<\/div>\n\n\n\n<figure class=\"wp-block-image size-large\"><img fetchpriority=\"high\" decoding=\"async\" width=\"1024\" height=\"683\" src=\"https:\/\/natation-domicile.com\/wp-content\/uploads\/2022\/08\/sudouest-Photo-1-31806623-1024x683.jpg\" alt=\"\" class=\"wp-image-206\" srcset=\"https:\/\/natation-domicile.com\/wp-content\/uploads\/2022\/08\/sudouest-Photo-1-31806623-1024x683.jpg 1024w, https:\/\/natation-domicile.com\/wp-content\/uploads\/2022\/08\/sudouest-Photo-1-31806623-300x200.jpg 300w, https:\/\/natation-domicile.com\/wp-content\/uploads\/2022\/08\/sudouest-Photo-1-31806623-768x512.jpg 768w, https:\/\/natation-domicile.com\/wp-content\/uploads\/2022\/08\/sudouest-Photo-1-31806623-1536x1024.jpg 1536w, https:\/\/natation-domicile.com\/wp-content\/uploads\/2022\/08\/sudouest-Photo-1-31806623-2048x1366.jpg 2048w, https:\/\/natation-domicile.com\/wp-content\/uploads\/2022\/08\/sudouest-Photo-1-31806623-2000x1334.jpg 2000w, https:\/\/natation-domicile.com\/wp-content\/uploads\/2022\/08\/sudouest-Photo-1-31806623-600x400.jpg 600w, https:\/\/natation-domicile.com\/wp-content\/uploads\/2022\/08\/sudouest-Photo-1-31806623-770x513.jpg 770w, https:\/\/natation-domicile.com\/wp-content\/uploads\/2022\/08\/sudouest-Photo-1-31806623-370x247.jpg 370w\" sizes=\"(max-width: 1024px) 100vw, 1024px\" \/><figcaption>Photo Sud Ouest. Cours de natation en piscine priv\u00e9e<\/figcaption><\/figure>\n\n\n\n<p><br><strong>Merci beaucoup et \u00e0 tr\u00e8s vite <\/strong>!<\/p>\n","protected":false},"excerpt":{"rendered":"<p>Vous souhaitez r\u00e9server ou avoir des informations pour des le\u00e7ons de natatation \u00e0 domicile ? Nous sommes disponibles pour vous r\u00e9pondre au t\u00e9l\u00e9phone tous les jours de 9h \u00e0 20h au +33 7 66 69 68 55 Vous pouvez \u00e9galement nous envoyer une demande sur notre mail d\u00e9di\u00e9 : info@natation-domicile.com ou via ce formulaire et &hellip; <\/p>\n<p class=\"link-more\"><a href=\"https:\/\/natation-domicile.com\/index.php\/contact\/\" class=\"more-link\">Lire la suite de<span class=\"screen-reader-text\">\u00ab\u00a0Nous contacter\u00a0\u00bb<\/span><\/a><\/p>\n","protected":false},"author":1,"featured_media":0,"parent":0,"menu_order":0,"comment_status":"closed","ping_status":"closed","template":"","meta":{"inspiro_hide_title":false,"footnotes":""},"class_list":["post-112","page","type-page","status-publish","hentry"],"featured_media_urls":[],"_links":{"self":[{"href":"https:\/\/natation-domicile.com\/index.php\/wp-json\/wp\/v2\/pages\/112","targetHints":{"allow":["GET"]}}],"collection":[{"href":"https:\/\/natation-domicile.com\/index.php\/wp-json\/wp\/v2\/pages"}],"about":[{"href":"https:\/\/natation-domicile.com\/index.php\/wp-json\/wp\/v2\/types\/page"}],"author":[{"embeddable":true,"href":"https:\/\/natation-domicile.com\/index.php\/wp-json\/wp\/v2\/users\/1"}],"replies":[{"embeddable":true,"href":"https:\/\/natation-domicile.com\/index.php\/wp-json\/wp\/v2\/comments?post=112"}],"version-history":[{"count":7,"href":"https:\/\/natation-domicile.com\/index.php\/wp-json\/wp\/v2\/pages\/112\/revisions"}],"predecessor-version":[{"id":215,"href":"https:\/\/natation-domicile.com\/index.php\/wp-json\/wp\/v2\/pages\/112\/revisions\/215"}],"wp:attachment":[{"href":"https:\/\/natation-domicile.com\/index.php\/wp-json\/wp\/v2\/media?parent=112"}],"curies":[{"name":"wp","href":"https:\/\/api.w.org\/{rel}","templated":true}]}}